{"id":28,"date":"2022-03-28T18:42:25","date_gmt":"2022-03-28T18:42:25","guid":{"rendered":"https:\/\/casahogaralfan.com\/?page_id=28"},"modified":"2022-03-28T19:37:20","modified_gmt":"2022-03-28T19:37:20","slug":"preparar-a-los-ninos-con-principios-y-valores","status":"publish","type":"page","link":"https:\/\/casahogaralfan.com\/?page_id=28","title":{"rendered":"Creando proyectos de vida en la infancia Guanajuatense"},"content":{"rendered":"\n<p>Nuestra visi\u00f3n es preparar ni\u00f1os con principios y valores morales s\u00f3lidos que influyan en la sociedad y en donde la problem\u00e1tica social sea combatida eficazmente.<\/p>\n","protected":false},"excerpt":{"rendered":"<p>Nuestra visi\u00f3n es preparar ni\u00f1os con principios y valores morales s\u00f3lidos que influyan en la sociedad y en donde la problem\u00e1tica social sea combatida eficazmente.<\/p>\n","protected":false},"author":2,"featured_media":30,"parent":0,"menu_order":0,"comment_status":"closed","ping_status":"closed","template":"","meta":{"_regular_price":[],"currency_symbol":[]},"post_slider_layout_featured_media_urls":{"thumbnail":["https:\/\/casahogaralfan.com\/wp-content\/uploads\/2022\/03\/pexels-sharon-mccutcheon-1449934-150x150.jpg",150,150,true],"post_slider_layout_landscape_large":["https:\/\/casahogaralfan.com\/wp-content\/uploads\/2022\/03\/pexels-sharon-mccutcheon-1449934-1200x800.jpg",1200,800,true],"post_slider_layout_portrait_large":["https:\/\/casahogaralfan.com\/wp-content\/uploads\/2022\/03\/pexels-sharon-mccutcheon-1449934-1200x1800.jpg",1200,1800,true],"post_slider_layout_square_large":["https:\/\/casahogaralfan.com\/wp-content\/uploads\/2022\/03\/pexels-sharon-mccutcheon-1449934-1200x1200.jpg",1200,1200,true],"post_slider_layout_landscape":["https:\/\/casahogaralfan.com\/wp-content\/uploads\/2022\/03\/pexels-sharon-mccutcheon-1449934-600x400.jpg",600,400,true],"post_slider_layout_portrait":["https:\/\/casahogaralfan.com\/wp-content\/uploads\/2022\/03\/pexels-sharon-mccutcheon-1449934-600x900.jpg",600,900,true],"post_slider_layout_square":["https:\/\/casahogaralfan.com\/wp-content\/uploads\/2022\/03\/pexels-sharon-mccutcheon-1449934-600x600.jpg",600,600,true],"full":["https:\/\/casahogaralfan.com\/wp-content\/uploads\/2022\/03\/pexels-sharon-mccutcheon-1449934-scaled.jpg",2560,1707,false]},"_links":{"self":[{"href":"https:\/\/casahogaralfan.com\/index.php?rest_route=\/wp\/v2\/pages\/28"}],"collection":[{"href":"https:\/\/casahogaralfan.com\/index.php?rest_route=\/wp\/v2\/pages"}],"about":[{"href":"https:\/\/casahogaralfan.com\/index.php?rest_route=\/wp\/v2\/types\/page"}],"author":[{"embeddable":true,"href":"https:\/\/casahogaralfan.com\/index.php?rest_route=\/wp\/v2\/users\/2"}],"replies":[{"embeddable":true,"href":"https:\/\/casahogaralfan.com\/index.php?rest_route=%2Fwp%2Fv2%2Fcomments&post=28"}],"version-history":[{"count":4,"href":"https:\/\/casahogaralfan.com\/index.php?rest_route=\/wp\/v2\/pages\/28\/revisions"}],"predecessor-version":[{"id":47,"href":"https:\/\/casahogaralfan.com\/index.php?rest_route=\/wp\/v2\/pages\/28\/revisions\/47"}],"wp:featuredmedia":[{"embeddable":true,"href":"https:\/\/casahogaralfan.com\/index.php?rest_route=\/wp\/v2\/media\/30"}],"wp:attachment":[{"href":"https:\/\/casahogaralfan.com\/index.php?rest_route=%2Fwp%2Fv2%2Fmedia&parent=28"}],"curies":[{"name":"wp","href":"https:\/\/api.w.org\/{rel}","templated":true}]}}