{"id":33,"date":"2022-03-28T18:57:33","date_gmt":"2022-03-28T18:57:33","guid":{"rendered":"https:\/\/casahogaralfan.com\/?page_id=33"},"modified":"2024-10-16T05:54:19","modified_gmt":"2024-10-16T05:54:19","slug":"nosotros","status":"publish","type":"page","link":"https:\/\/casahogaralfan.com\/?page_id=33","title":{"rendered":"Acerca de nosotros"},"content":{"rendered":"\n<p>\u00a1Bienvenidos a Casa Hogar Alfan!<\/p>\n\n\n\n<p><strong>NUESTRA MISI\u00d3N<\/strong><\/p>\n\n\n\n<p>Contribuir al mejoramiento de la calidad de vida de los menores en estado de orfandad y abandono parcial o total, maltratados<br>y de escasos recursos, a trav\u00e9s de programas que promuevan su sano e \u00edntegro desarrollo.<\/p>\n\n\n\n<p><strong>NUESTRA VISI\u00d3N<\/strong><\/p>\n\n\n\n<p>Preparar ni\u00f1os con principios y valores morales s\u00f3lidos que influyan en la sociedad y en donde la problem\u00e1tica<br>social sea combatida eficazmente.<\/p>\n\n\n\n<p><\/p>\n","protected":false},"excerpt":{"rendered":"<p>\u00a1Bienvenidos a Casa Hogar Alfan! NUESTRA MISI\u00d3N Contribuir al mejoramiento de la calidad de vida de los menores en estado de orfandad y abandono parcial o total, maltratadosy de escasos recursos, a trav\u00e9s de programas que promuevan su sano e \u00edntegro desarrollo. NUESTRA VISI\u00d3N Preparar ni\u00f1os con principios y valores morales s\u00f3lidos que influyan en [&hellip;]<\/p>\n","protected":false},"author":2,"featured_media":40,"parent":0,"menu_order":0,"comment_status":"closed","ping_status":"closed","template":"","meta":{"_regular_price":[],"currency_symbol":[]},"post_slider_layout_featured_media_urls":{"thumbnail":["https:\/\/casahogaralfan.com\/wp-content\/uploads\/2022\/03\/AboutUs_TRES-150x150.png",150,150,true],"post_slider_layout_landscape_large":["https:\/\/casahogaralfan.com\/wp-content\/uploads\/2022\/03\/AboutUs_TRES.png",500,500,false],"post_slider_layout_portrait_large":["https:\/\/casahogaralfan.com\/wp-content\/uploads\/2022\/03\/AboutUs_TRES.png",500,500,false],"post_slider_layout_square_large":["https:\/\/casahogaralfan.com\/wp-content\/uploads\/2022\/03\/AboutUs_TRES.png",500,500,false],"post_slider_layout_landscape":["https:\/\/casahogaralfan.com\/wp-content\/uploads\/2022\/03\/AboutUs_TRES-500x400.png",500,400,true],"post_slider_layout_portrait":["https:\/\/casahogaralfan.com\/wp-content\/uploads\/2022\/03\/AboutUs_TRES.png",500,500,false],"post_slider_layout_square":["https:\/\/casahogaralfan.com\/wp-content\/uploads\/2022\/03\/AboutUs_TRES.png",500,500,false],"full":["https:\/\/casahogaralfan.com\/wp-content\/uploads\/2022\/03\/AboutUs_TRES.png",500,500,false]},"_links":{"self":[{"href":"https:\/\/casahogaralfan.com\/index.php?rest_route=\/wp\/v2\/pages\/33"}],"collection":[{"href":"https:\/\/casahogaralfan.com\/index.php?rest_route=\/wp\/v2\/pages"}],"about":[{"href":"https:\/\/casahogaralfan.com\/index.php?rest_route=\/wp\/v2\/types\/page"}],"author":[{"embeddable":true,"href":"https:\/\/casahogaralfan.com\/index.php?rest_route=\/wp\/v2\/users\/2"}],"replies":[{"embeddable":true,"href":"https:\/\/casahogaralfan.com\/index.php?rest_route=%2Fwp%2Fv2%2Fcomments&post=33"}],"version-history":[{"count":8,"href":"https:\/\/casahogaralfan.com\/index.php?rest_route=\/wp\/v2\/pages\/33\/revisions"}],"predecessor-version":[{"id":79,"href":"https:\/\/casahogaralfan.com\/index.php?rest_route=\/wp\/v2\/pages\/33\/revisions\/79"}],"wp:featuredmedia":[{"embeddable":true,"href":"https:\/\/casahogaralfan.com\/index.php?rest_route=\/wp\/v2\/media\/40"}],"wp:attachment":[{"href":"https:\/\/casahogaralfan.com\/index.php?rest_route=%2Fwp%2Fv2%2Fmedia&parent=33"}],"curies":[{"name":"wp","href":"https:\/\/api.w.org\/{rel}","templated":true}]}}